	{"id":1402,"date":"2015-01-27T00:07:15","date_gmt":"2015-01-27T00:07:15","guid":{"rendered":"http:\/\/www.weisses-ross.com\/cms\/bett-und-bahn-2\/"},"modified":"2019-03-08T14:33:17","modified_gmt":"2019-03-08T14:33:17","slug":"bett-und-bahn","status":"publish","type":"page","link":"https:\/\/www.weisses-ross.com\/fr\/bett-und-bahn\/","title":{"rendered":"Bett und Bahn"},"content":{"rendered":"[vc_row type=\u00a0\u00bbin_container\u00a0\u00bb full_screen_row_position=\u00a0\u00bbmiddle\u00a0\u00bb scene_position=\u00a0\u00bbcenter\u00a0\u00bb text_color=\u00a0\u00bbdark\u00a0\u00bb text_align=\u00a0\u00bbleft\u00a0\u00bb overlay_strength=\u00a0\u00bb0.3&Prime; shape_divider_position=\u00a0\u00bbbottom\u00a0\u00bb][vc_column column_padding=\u00a0\u00bbno-extra-padding\u00a0\u00bb column_padding_position=\u00a0\u00bball\u00a0\u00bb background_color_opacity=\u00a0\u00bb1&Prime; background_hover_color_opacity=\u00a0\u00bb1&Prime; column_link_target=\u00a0\u00bb_self\u00a0\u00bb column_shadow=\u00a0\u00bbnone\u00a0\u00bb column_border_radius=\u00a0\u00bbnone\u00a0\u00bb width=\u00a0\u00bb1\/1&Prime; tablet_width_inherit=\u00a0\u00bbdefault\u00a0\u00bb tablet_text_alignment=\u00a0\u00bbdefault\u00a0\u00bb phone_text_alignment=\u00a0\u00bbdefault\u00a0\u00bb column_border_width=\u00a0\u00bbnone\u00a0\u00bb column_border_style=\u00a0\u00bbsolid\u00a0\u00bb]<div data-midnight=\"yba-slider\" class=\"parallax_slider_outer \" ><div  data-transition=\"slide\" data-overall_style=\"classic\" data-flexible-height=\"\" data-animate-in-effect=\"none\" data-fullscreen=\"false\" data-button-sizing=\"regular\" data-button-styling=\"btn_with_count\" data-autorotate=\"\" data-parallax=\"true\" data-parallax-disable-mobile=\"\" data-caption-trans=\"fade_in_from_bottom\" data-parallax-style=\"bg_only\" data-bg-animation=\"none\" data-full-width=\"true\" class=\"yba-slider-wrap \" id=\"ns-id-69d36076877fc\" ><div class=\"swiper-container\"   data-tho=\"auto\" data-tco=\"auto\" data-pho=\"auto\" data-pco=\"auto\" data-loop=\"false\" data-height=\"600\" data-min-height=\"\" data-arrows=\"false\" data-bullets=\"false\" data-bullet_style=\"see_through\" data-bullet_position=\"bottom\" data-desktop-swipe=\"false\" data-settings=\"\"> <div class=\"swiper-wrapper\"><div class=\"swiper-slide\" data-desktop-content-width=\"auto\" data-tablet-content-width=\"auto\" data-bg-alignment=\"center\" data-color-scheme=\"light\" data-x-pos=\"left\" data-y-pos=\"middle\" > \n\t\t\t\t\t\t\t\t<div class=\"slide-bg-wrap\"><div class=\"image-bg\" style=\"background-image: url(https:\/\/www.weisses-ross.com\/wp-content\/uploads\/2017\/10\/BuHa-17b-e1507232460309.jpg);\"> &nbsp; <\/div><\/div><div class=\"video-texture \"> <span class=\"ie-fix\"><\/span> <\/div><\/div> <!--\/swiper-slide--><\/div><div class=\"yba-slider-loading \"> <span class=\"loading-icon none\">   <\/span> <\/div> <\/div> \n\t\t\t\t\n\t\t\t<\/div><\/div>[\/vc_column][\/vc_row][vc_row type=\u00a0\u00bbfull_width_background\u00a0\u00bb full_screen_row_position=\u00a0\u00bbmiddle\u00a0\u00bb bg_color=\u00a0\u00bb#ffffff\u00a0\u00bb scene_position=\u00a0\u00bbcenter\u00a0\u00bb text_color=\u00a0\u00bbdark\u00a0\u00bb text_align=\u00a0\u00bbleft\u00a0\u00bb top_padding=\u00a0\u00bb50&Prime; bottom_padding=\u00a0\u00bb40&Prime; overlay_strength=\u00a0\u00bb0.3&Prime; shape_divider_position=\u00a0\u00bbbottom\u00a0\u00bb][vc_column column_padding=\u00a0\u00bbno-extra-padding\u00a0\u00bb column_padding_position=\u00a0\u00bball\u00a0\u00bb background_color_opacity=\u00a0\u00bb1&Prime; background_hover_color_opacity=\u00a0\u00bb1&Prime; column_link_target=\u00a0\u00bb_self\u00a0\u00bb column_shadow=\u00a0\u00bbnone\u00a0\u00bb column_border_radius=\u00a0\u00bbnone\u00a0\u00bb width=\u00a0\u00bb1\/1&Prime; tablet_width_inherit=\u00a0\u00bbdefault\u00a0\u00bb tablet_text_alignment=\u00a0\u00bbdefault\u00a0\u00bb phone_text_alignment=\u00a0\u00bbdefault\u00a0\u00bb column_border_width=\u00a0\u00bbnone\u00a0\u00bb column_border_style=\u00a0\u00bbsolid\u00a0\u00bb][vc_column_text]\n<h1 style=\"text-align: center;\"><span style=\"color: #8b6645;\">Offre Bett und Bahn :<br \/>\nVotre billet pour la nuit<\/span><\/h1>\n<p style=\"text-align: center;\"><a href=\"https:\/\/www.weisses-ross.com\/wp-content\/uploads\/2015\/02\/weisses-ross-raute.png\"><img loading=\"lazy\" decoding=\"async\" class=\"size-full wp-image-1386 aligncenter\" src=\"https:\/\/www.weisses-ross.com\/wp-content\/uploads\/2015\/02\/weisses-ross-raute.png\" alt=\"raute\" width=\"81\" height=\"6\" \/><\/a><br \/>\nCette offre n&rsquo;est disponible qu&rsquo;avec la r\u00e9servation d&rsquo;au moins 1 nuit dans notre h\u00f4tel.<\/p>\n[\/vc_column_text][\/vc_column][\/vc_row][vc_row type=\u00a0\u00bbfull_width_background\u00a0\u00bb full_screen_row_position=\u00a0\u00bbmiddle\u00a0\u00bb bg_color=\u00a0\u00bb#f9f9f9&Prime; scene_position=\u00a0\u00bbcenter\u00a0\u00bb text_color=\u00a0\u00bbdark\u00a0\u00bb text_align=\u00a0\u00bbleft\u00a0\u00bb top_padding=\u00a0\u00bb40&Prime; bottom_padding=\u00a0\u00bb40&Prime; overlay_strength=\u00a0\u00bb0.3&Prime; shape_divider_position=\u00a0\u00bbbottom\u00a0\u00bb][vc_column column_padding=\u00a0\u00bbno-extra-padding\u00a0\u00bb column_padding_position=\u00a0\u00bball\u00a0\u00bb background_color_opacity=\u00a0\u00bb1&Prime; background_hover_color_opacity=\u00a0\u00bb1&Prime; column_link_target=\u00a0\u00bb_self\u00a0\u00bb column_shadow=\u00a0\u00bbnone\u00a0\u00bb column_border_radius=\u00a0\u00bbnone\u00a0\u00bb width=\u00a0\u00bb1\/3&Prime; tablet_width_inherit=\u00a0\u00bbdefault\u00a0\u00bb tablet_text_alignment=\u00a0\u00bbdefault\u00a0\u00bb phone_text_alignment=\u00a0\u00bbdefault\u00a0\u00bb column_border_width=\u00a0\u00bbnone\u00a0\u00bb column_border_style=\u00a0\u00bbsolid\u00a0\u00bb][vc_column_text]<strong>Tarifs : <\/strong><br \/>\naller simple entre votre gare d&rsquo;origine et les gares de Pockau ou Wolkenstein<\/p>\n<ul>\n<li>jusqu&rsquo;\u00e0 400 km : 69,00 \u20ac \/ personne<\/li>\n<li>\u00e0 partir de 401 km : 119,00 \u20ac \/ personne<\/li>\n<li>R\u00e9servation de si\u00e8ge : 4,50 \u20ac suppl\u00e9mentaires par personne<\/li>\n<\/ul>\n[\/vc_column_text][\/vc_column][vc_column enable_animation=\u00a0\u00bbtrue\u00a0\u00bb animation=\u00a0\u00bbnone\u00a0\u00bb column_padding=\u00a0\u00bbno-extra-padding\u00a0\u00bb column_padding_position=\u00a0\u00bball\u00a0\u00bb background_color_opacity=\u00a0\u00bb1&Prime; background_hover_color_opacity=\u00a0\u00bb1&Prime; column_link_target=\u00a0\u00bb_self\u00a0\u00bb column_shadow=\u00a0\u00bbnone\u00a0\u00bb column_border_radius=\u00a0\u00bbnone\u00a0\u00bb width=\u00a0\u00bb1\/3&Prime; tablet_width_inherit=\u00a0\u00bbdefault\u00a0\u00bb tablet_text_alignment=\u00a0\u00bbdefault\u00a0\u00bb phone_text_alignment=\u00a0\u00bbdefault\u00a0\u00bb column_border_width=\u00a0\u00bbnone\u00a0\u00bb column_border_style=\u00a0\u00bbsolid\u00a0\u00bb][vc_column_text]<strong style=\"line-height: 1.5em;\">Services inclus :<\/strong><\/p>\n<ul>\n<li>aller-retour en 2nde classe<\/li>\n<li>navette entre l&rsquo;h\u00f4tel et la gare de Pockau ou Wolkenstein<\/li>\n<li>Libre choix du trajet et du train<\/li>\n<\/ul>\n[\/vc_column_text][\/vc_column][vc_column enable_animation=\u00a0\u00bbtrue\u00a0\u00bb animation=\u00a0\u00bbnone\u00a0\u00bb column_padding=\u00a0\u00bbno-extra-padding\u00a0\u00bb column_padding_position=\u00a0\u00bball\u00a0\u00bb background_color_opacity=\u00a0\u00bb1&Prime; background_hover_color_opacity=\u00a0\u00bb1&Prime; column_link_target=\u00a0\u00bb_self\u00a0\u00bb column_shadow=\u00a0\u00bbnone\u00a0\u00bb column_border_radius=\u00a0\u00bbnone\u00a0\u00bb width=\u00a0\u00bb1\/3&Prime; tablet_width_inherit=\u00a0\u00bbdefault\u00a0\u00bb tablet_text_alignment=\u00a0\u00bbdefault\u00a0\u00bb phone_text_alignment=\u00a0\u00bbdefault\u00a0\u00bb column_border_width=\u00a0\u00bbnone\u00a0\u00bb column_border_style=\u00a0\u00bbsolid\u00a0\u00bb][vc_column_text]<strong style=\"line-height: 1.5em;\">Enfants et d\u00e9tenteurs de la Bahncard<\/strong><\/p>\n<ul>\n<li>Les d\u00e9tenteurs de la Bahn-Card (carte de r\u00e9duction sur les trains) obtiennent 15,00 \u20ac de remise sur le prix du voyage<\/li>\n<li>Gratuit pour les enfants de moins de 14 ans accompagn\u00e9s de leurs parents ou grands-parents<\/li>\n<\/ul>\n[\/vc_column_text][\/vc_column][\/vc_row][vc_row type=\u00a0\u00bbin_container\u00a0\u00bb full_screen_row_position=\u00a0\u00bbmiddle\u00a0\u00bb scene_position=\u00a0\u00bbcenter\u00a0\u00bb text_color=\u00a0\u00bbdark\u00a0\u00bb text_align=\u00a0\u00bbleft\u00a0\u00bb overlay_strength=\u00a0\u00bb0.3&Prime; shape_divider_position=\u00a0\u00bbbottom\u00a0\u00bb][vc_column column_padding=\u00a0\u00bbno-extra-padding\u00a0\u00bb column_padding_position=\u00a0\u00bball\u00a0\u00bb background_color_opacity=\u00a0\u00bb1&Prime; background_hover_color_opacity=\u00a0\u00bb1&Prime; column_link_target=\u00a0\u00bb_self\u00a0\u00bb column_shadow=\u00a0\u00bbnone\u00a0\u00bb column_border_radius=\u00a0\u00bbnone\u00a0\u00bb width=\u00a0\u00bb1\/1&Prime; tablet_width_inherit=\u00a0\u00bbdefault\u00a0\u00bb tablet_text_alignment=\u00a0\u00bbdefault\u00a0\u00bb phone_text_alignment=\u00a0\u00bbdefault\u00a0\u00bb column_border_width=\u00a0\u00bbnone\u00a0\u00bb column_border_style=\u00a0\u00bbsolid\u00a0\u00bb]<div  data-transition=\"slide\" data-overall_style=\"classic\" data-flexible-height=\"\" data-animate-in-effect=\"none\" data-fullscreen=\"false\" data-button-sizing=\"regular\" data-button-styling=\"btn_with_count\" data-autorotate=\"\" data-parallax=\"false\" data-parallax-disable-mobile=\"\" data-caption-trans=\"fade_in_from_bottom\" data-parallax-style=\"bg_only\" data-bg-animation=\"none\" data-full-width=\"true\" class=\"yba-slider-wrap \" id=\"ns-id-69d36076992a8\" ><div class=\"swiper-container\"   data-tho=\"auto\" data-tco=\"auto\" data-pho=\"auto\" data-pco=\"auto\" data-loop=\"false\" data-height=\"150\" data-min-height=\"\" data-arrows=\"false\" data-bullets=\"false\" data-bullet_style=\"see_through\" data-bullet_position=\"bottom\" data-desktop-swipe=\"false\" data-settings=\"\"> <div class=\"swiper-wrapper\"><div class=\"swiper-slide\" data-desktop-content-width=\"auto\" data-tablet-content-width=\"auto\" data-bg-alignment=\"center\" data-color-scheme=\"light\" data-x-pos=\"centered\" data-y-pos=\"middle\" > \n\t\t\t\t\t\t\t\t<div class=\"slide-bg-wrap\"><div class=\"image-bg\" style=\"background-image: url(https:\/\/www.weisses-ross.com\/wp-content\/uploads\/2015\/01\/bg_blau.jpg);\"> &nbsp; <\/div><\/div><div class=\"container\">\n\t\t\t\t\t\t\t\t\t<div class=\"content\"><div class=\"buttons\"><div class=\"button solid_color\">\n\t\t\t\t\t\t\t\t\t\t\t\t \t\t <a class=\"extra-color-2\" href=\"https:\/\/www.weisses-ross.com\/hotelbooking\/\">R\u00e9server<\/a>\n\t\t\t\t\t\t\t\t\t\t\t\t \t <\/div><div class=\"button solid_color\">\n\t\t\t\t\t\t\t\t\t\t\t\t \t\t <a class=\"extra-color-2\" href=\"https:\/\/www.weisses-ross.com\/fr\/#kontakt\">Contact<\/a>\n\t\t\t\t\t\t\t\t\t\t\t\t \t <\/div><\/div><\/div>\n\t\t\t\t\t\t\t\t<\/div><!--\/container--><div class=\"video-texture \"> <span class=\"ie-fix\"><\/span> <\/div><\/div> <!--\/swiper-slide--><\/div><div class=\"yba-slider-loading \"> <span class=\"loading-icon none\">   <\/span> <\/div> <\/div> \n\t\t\t\t\n\t\t\t<\/div>[\/vc_column][\/vc_row]\n","protected":false},"excerpt":{"rendered":"<p>[vc_row type=\u00a0\u00bbin_container\u00a0\u00bb full_screen_row_position=\u00a0\u00bbmiddle\u00a0\u00bb scene_position=\u00a0\u00bbcenter\u00a0\u00bb text_color=\u00a0\u00bbdark\u00a0\u00bb text_align=\u00a0\u00bbleft\u00a0\u00bb overlay_strength=\u00a0\u00bb0.3&Prime; shape_divider_position=\u00a0\u00bbbottom\u00a0\u00bb][vc_column column_padding=\u00a0\u00bbno-extra-padding\u00a0\u00bb column_padding_position=\u00a0\u00bball\u00a0\u00bb background_color_opacity=\u00a0\u00bb1&Prime; background_hover_color_opacity=\u00a0\u00bb1&Prime; column_link_target=\u00a0\u00bb_self\u00a0\u00bb column_shadow=\u00a0\u00bbnone\u00a0\u00bb column_border_radius=\u00a0\u00bbnone\u00a0\u00bb width=\u00a0\u00bb1\/1&Prime; tablet_width_inherit=\u00a0\u00bbdefault\u00a0\u00bb tablet_text_alignment=\u00a0\u00bbdefault\u00a0\u00bb phone_text_alignment=\u00a0\u00bbdefault\u00a0\u00bb column_border_width=\u00a0\u00bbnone\u00a0\u00bb column_border_style=\u00a0\u00bbsolid\u00a0\u00bb][\/vc_column][\/vc_row][vc_row type=\u00a0\u00bbfull_width_background\u00a0\u00bb full_screen_row_position=\u00a0\u00bbmiddle\u00a0\u00bb bg_color=\u00a0\u00bb#ffffff\u00a0\u00bb scene_position=\u00a0\u00bbcenter\u00a0\u00bb text_color=\u00a0\u00bbdark\u00a0\u00bb text_align=\u00a0\u00bbleft\u00a0\u00bb top_padding=\u00a0\u00bb50&Prime; bottom_padding=\u00a0\u00bb40&Prime; overlay_strength=\u00a0\u00bb0.3&Prime;&#8230;<\/p>\n","protected":false},"author":1,"featured_media":0,"parent":0,"menu_order":0,"comment_status":"open","ping_status":"open","template":"","meta":{"footnotes":""},"class_list":["post-1402","page","type-page","status-publish"],"yoast_head":"<!-- This site is optimized with the Yoast SEO plugin v27.2 - https:\/\/yoast.com\/product\/yoast-seo-wordpress\/ -->\n<title>Bett und Bahn - Hotel Wei\u00dfes Ro\u00df in Marienberg<\/title>\n<meta name=\"description\" content=\"RIT-Ticket zum Hotelaufenthalt\" \/>\n<meta name=\"robots\" content=\"index, follow, max-snippet:-1, max-image-preview:large, max-video-preview:-1\" \/>\n<link rel=\"canonical\" href=\"https:\/\/www.weisses-ross.com\/fr\/bett-und-bahn\/\" \/>\n<meta property=\"og:locale\" content=\"fr_FR\" \/>\n<meta property=\"og:type\" content=\"article\" \/>\n<meta property=\"og:title\" content=\"Bett und Bahn - Hotel Wei\u00dfes Ro\u00df in Marienberg\" \/>\n<meta property=\"og:description\" content=\"RIT-Ticket zum Hotelaufenthalt\" \/>\n<meta property=\"og:url\" content=\"https:\/\/www.weisses-ross.com\/fr\/bett-und-bahn\/\" \/>\n<meta property=\"og:site_name\" content=\"Hotel Wei\u00dfes Ro\u00df in Marienberg\" \/>\n<meta property=\"article:modified_time\" content=\"2019-03-08T14:33:17+00:00\" \/>\n<meta name=\"twitter:label1\" content=\"Dur\u00e9e de lecture estim\u00e9e\" \/>\n\t<meta name=\"twitter:data1\" content=\"3 minutes\" \/>\n<script type=\"application\/ld+json\" class=\"yoast-schema-graph\">{\"@context\":\"https:\/\/schema.org\",\"@graph\":[{\"@type\":\"WebPage\",\"@id\":\"https:\/\/www.weisses-ross.com\/fr\/bett-und-bahn\/\",\"url\":\"https:\/\/www.weisses-ross.com\/fr\/bett-und-bahn\/\",\"name\":\"Bett und Bahn - Hotel Wei\u00dfes Ro\u00df in Marienberg\",\"isPartOf\":{\"@id\":\"https:\/\/www.weisses-ross.com\/#website\"},\"primaryImageOfPage\":{\"@id\":\"https:\/\/www.weisses-ross.com\/fr\/bett-und-bahn\/#primaryimage\"},\"image\":{\"@id\":\"https:\/\/www.weisses-ross.com\/fr\/bett-und-bahn\/#primaryimage\"},\"thumbnailUrl\":\"https:\/\/www.weisses-ross.com\/wp-content\/uploads\/2015\/02\/weisses-ross-raute.png\",\"datePublished\":\"2015-01-27T00:07:15+00:00\",\"dateModified\":\"2019-03-08T14:33:17+00:00\",\"description\":\"RIT-Ticket zum Hotelaufenthalt\",\"breadcrumb\":{\"@id\":\"https:\/\/www.weisses-ross.com\/fr\/bett-und-bahn\/#breadcrumb\"},\"inLanguage\":\"fr-FR\",\"potentialAction\":[{\"@type\":\"ReadAction\",\"target\":[\"https:\/\/www.weisses-ross.com\/fr\/bett-und-bahn\/\"]}]},{\"@type\":\"ImageObject\",\"inLanguage\":\"fr-FR\",\"@id\":\"https:\/\/www.weisses-ross.com\/fr\/bett-und-bahn\/#primaryimage\",\"url\":\"https:\/\/www.weisses-ross.com\/wp-content\/uploads\/2015\/02\/weisses-ross-raute.png\",\"contentUrl\":\"https:\/\/www.weisses-ross.com\/wp-content\/uploads\/2015\/02\/weisses-ross-raute.png\"},{\"@type\":\"BreadcrumbList\",\"@id\":\"https:\/\/www.weisses-ross.com\/fr\/bett-und-bahn\/#breadcrumb\",\"itemListElement\":[{\"@type\":\"ListItem\",\"position\":1,\"name\":\"Home\",\"item\":\"https:\/\/www.weisses-ross.com\/fr\/\"},{\"@type\":\"ListItem\",\"position\":2,\"name\":\"Bett und Bahn\"}]},{\"@type\":\"WebSite\",\"@id\":\"https:\/\/www.weisses-ross.com\/#website\",\"url\":\"https:\/\/www.weisses-ross.com\/\",\"name\":\"Hotel Wei\u00dfes Ro\u00df in Marienberg\",\"description\":\"Hotel und Restaurant in Marienberg\",\"potentialAction\":[{\"@type\":\"SearchAction\",\"target\":{\"@type\":\"EntryPoint\",\"urlTemplate\":\"https:\/\/www.weisses-ross.com\/?s={search_term_string}\"},\"query-input\":{\"@type\":\"PropertyValueSpecification\",\"valueRequired\":true,\"valueName\":\"search_term_string\"}}],\"inLanguage\":\"fr-FR\"}]}<\/script>\n<!-- \/ Yoast SEO plugin. -->","yoast_head_json":{"title":"Bett und Bahn - Hotel Wei\u00dfes Ro\u00df in Marienberg","description":"RIT-Ticket zum Hotelaufenthalt","robots":{"index":"index","follow":"follow","max-snippet":"max-snippet:-1","max-image-preview":"max-image-preview:large","max-video-preview":"max-video-preview:-1"},"canonical":"https:\/\/www.weisses-ross.com\/fr\/bett-und-bahn\/","og_locale":"fr_FR","og_type":"article","og_title":"Bett und Bahn - Hotel Wei\u00dfes Ro\u00df in Marienberg","og_description":"RIT-Ticket zum Hotelaufenthalt","og_url":"https:\/\/www.weisses-ross.com\/fr\/bett-und-bahn\/","og_site_name":"Hotel Wei\u00dfes Ro\u00df in Marienberg","article_modified_time":"2019-03-08T14:33:17+00:00","twitter_misc":{"Dur\u00e9e de lecture estim\u00e9e":"3 minutes"},"schema":{"@context":"https:\/\/schema.org","@graph":[{"@type":"WebPage","@id":"https:\/\/www.weisses-ross.com\/fr\/bett-und-bahn\/","url":"https:\/\/www.weisses-ross.com\/fr\/bett-und-bahn\/","name":"Bett und Bahn - Hotel Wei\u00dfes Ro\u00df in Marienberg","isPartOf":{"@id":"https:\/\/www.weisses-ross.com\/#website"},"primaryImageOfPage":{"@id":"https:\/\/www.weisses-ross.com\/fr\/bett-und-bahn\/#primaryimage"},"image":{"@id":"https:\/\/www.weisses-ross.com\/fr\/bett-und-bahn\/#primaryimage"},"thumbnailUrl":"https:\/\/www.weisses-ross.com\/wp-content\/uploads\/2015\/02\/weisses-ross-raute.png","datePublished":"2015-01-27T00:07:15+00:00","dateModified":"2019-03-08T14:33:17+00:00","description":"RIT-Ticket zum Hotelaufenthalt","breadcrumb":{"@id":"https:\/\/www.weisses-ross.com\/fr\/bett-und-bahn\/#breadcrumb"},"inLanguage":"fr-FR","potentialAction":[{"@type":"ReadAction","target":["https:\/\/www.weisses-ross.com\/fr\/bett-und-bahn\/"]}]},{"@type":"ImageObject","inLanguage":"fr-FR","@id":"https:\/\/www.weisses-ross.com\/fr\/bett-und-bahn\/#primaryimage","url":"https:\/\/www.weisses-ross.com\/wp-content\/uploads\/2015\/02\/weisses-ross-raute.png","contentUrl":"https:\/\/www.weisses-ross.com\/wp-content\/uploads\/2015\/02\/weisses-ross-raute.png"},{"@type":"BreadcrumbList","@id":"https:\/\/www.weisses-ross.com\/fr\/bett-und-bahn\/#breadcrumb","itemListElement":[{"@type":"ListItem","position":1,"name":"Home","item":"https:\/\/www.weisses-ross.com\/fr\/"},{"@type":"ListItem","position":2,"name":"Bett und Bahn"}]},{"@type":"WebSite","@id":"https:\/\/www.weisses-ross.com\/#website","url":"https:\/\/www.weisses-ross.com\/","name":"Hotel Wei\u00dfes Ro\u00df in Marienberg","description":"Hotel und Restaurant in Marienberg","potentialAction":[{"@type":"SearchAction","target":{"@type":"EntryPoint","urlTemplate":"https:\/\/www.weisses-ross.com\/?s={search_term_string}"},"query-input":{"@type":"PropertyValueSpecification","valueRequired":true,"valueName":"search_term_string"}}],"inLanguage":"fr-FR"}]}},"_links":{"self":[{"href":"https:\/\/www.weisses-ross.com\/fr\/wp-json\/wp\/v2\/pages\/1402\/"}],"collection":[{"href":"https:\/\/www.weisses-ross.com\/fr\/wp-json\/wp\/v2\/pages\/"}],"about":[{"href":"https:\/\/www.weisses-ross.com\/fr\/wp-json\/wp\/v2\/types\/page\/"}],"author":[{"embeddable":true,"href":"https:\/\/www.weisses-ross.com\/fr\/wp-json\/wp\/v2\/users\/1\/"}],"replies":[{"embeddable":true,"href":"https:\/\/www.weisses-ross.com\/fr\/wp-json\/wp\/v2\/comments\/?post=1402"}],"version-history":[{"count":6,"href":"https:\/\/www.weisses-ross.com\/fr\/wp-json\/wp\/v2\/pages\/1402\/revisions\/"}],"predecessor-version":[{"id":2986,"href":"https:\/\/www.weisses-ross.com\/fr\/wp-json\/wp\/v2\/pages\/1402\/revisions\/2986\/"}],"wp:attachment":[{"href":"https:\/\/www.weisses-ross.com\/fr\/wp-json\/wp\/v2\/media\/?parent=1402"}],"curies":[{"name":"wp","href":"https:\/\/api.w.org\/{rel}","templated":true}]}}